{"id":1034,"date":"2025-10-02T00:18:29","date_gmt":"2025-10-01T22:18:29","guid":{"rendered":"https:\/\/varox.com.de\/oferty\/"},"modified":"2026-01-16T16:19:41","modified_gmt":"2026-01-16T14:19:41","slug":"oferty","status":"publish","type":"page","link":"https:\/\/varox.com.de\/pl\/oferty\/","title":{"rendered":"Oferty"},"content":{"rendered":"\n<div class=\"wp-block-uagb-container uagb-block-4d237974 alignfull uagb-is-root-container\"><div class=\"uagb-container-inner-blocks-wrap\">\n<div class=\"wp-block-uagb-advanced-heading uagb-block-ce3060fa\"><h1 class=\"uagb-heading-text\">Nasza kompleksowa oferta<\/h1><\/div>\n<\/div><\/div>\n\n\n\n<div class=\"wp-block-uagb-container uagb-block-c06db880 alignfull uagb-is-root-container\"><div class=\"uagb-container-inner-blocks-wrap\">\n<div class=\"wp-block-uagb-container uagb-block-7010744c\">\n<div class=\"wp-block-uagb-container uagb-block-c126a6ad\">\n<div class=\"wp-block-uagb-image alignleft uagb-block-73a5631d wp-block-uagb-image--layout-default wp-block-uagb-image--effect-static wp-block-uagb-image--align-left\"><figure class=\"wp-block-uagb-image__figure\"><img decoding=\"async\" srcset=\"https:\/\/varox.com.de\/wp-content\/uploads\/2025\/10\/pexels-photo-5922204.jpeg ,https:\/\/varox.com.de\/wp-content\/uploads\/2025\/10\/pexels-photo-5922204.jpeg 780w, https:\/\/varox.com.de\/wp-content\/uploads\/2025\/10\/pexels-photo-5922204.jpeg 360w\" sizes=\"auto, (max-width: 480px) 150px\" src=\"https:\/\/varox.com.de\/wp-content\/uploads\/2025\/10\/pexels-photo-5922204.jpeg\" alt=\"\" class=\"uag-image-70\" width=\"560\" height=\"450\" title=\"\" loading=\"lazy\" role=\"img\"\/><\/figure><\/div>\n<\/div>\n\n\n\n<div class=\"wp-block-uagb-container uagb-block-86ce49f3\">\n<div class=\"wp-block-uagb-advanced-heading uagb-block-78981b64\"><div class=\"uagb-heading-text\">01<\/div><\/div>\n\n\n\n<div class=\"wp-block-uagb-advanced-heading uagb-block-d5ee27ff\" id=\"stock-goods-trading\"><h2 class=\"uagb-heading-text\"><a href=\"#stock-goods-trading\">Handel towarami magazynowymi<\/a><\/h2><p class=\"uagb-desc-text\">Specjalizujemy si\u0119 w handlu odzie\u017c\u0105, elektronik\u0105, materia\u0142ami budowlanymi i katalizatorami metalowymi. Nasz zr\u00f3\u017cnicowany asortyment gwarantuje, \u017ce znajdziesz odpowiednie produkty dla swojej firmy. Dzi\u0119ki wieloletniemu do\u015bwiadczeniu na rynkach europejskich oferujemy konkurencyjne ceny i niezawodn\u0105 dostaw\u0119 transgraniczn\u0105. Niezale\u017cnie od tego, czy potrzebujesz hurtowych ilo\u015bci nadwy\u017cek towar\u00f3w, czy specjalistycznych materia\u0142\u00f3w, nasz zesp\u00f3\u0142 ekspert\u00f3w zapewni spersonalizowane rozwi\u0105zania dopasowane do Twoich potrzeb. Utrzymujemy silne partnerstwa z producentami i dostawcami.    <\/p><\/div>\n<\/div>\n<\/div>\n\n\n\n<div class=\"wp-block-uagb-container uagb-block-a444e0f2\">\n<div class=\"wp-block-uagb-container uagb-block-75dca7d2\">\n<div class=\"wp-block-uagb-advanced-heading uagb-block-80620d8c\"><div class=\"uagb-heading-text\">02<\/div><\/div>\n\n\n\n<div class=\"wp-block-uagb-advanced-heading uagb-block-5272db78\" id=\"business-consulting-services\"><h2 class=\"uagb-heading-text\"><a href=\"#business-consulting-services\">Us\u0142ugi doradztwa biznesowego<\/a><\/h2><p class=\"uagb-desc-text\">Nasz zesp\u00f3\u0142 konsultant\u00f3w s\u0142u\u017cy wsparciem w realizacji strategii biznesowych. Oferujemy dopasowane do indywidualnych potrzeb rozwi\u0105zania w zakresie marketingu i doradztwa operacyjnego, kt\u00f3re zwi\u0119ksz\u0105 Tw\u00f3j sukces. Od analizy rynku i rozwoju marki, po optymalizacj\u0119 proces\u00f3w i strategie rozwoju, dostarczamy praktyczne wnioski, kt\u00f3re przynosz\u0105 rezultaty. Nasi do\u015bwiadczeni konsultanci \u015bci\u015ble z Tob\u0105 wsp\u00f3\u0142pracuj\u0105, aby identyfikowa\u0107 mo\u017cliwo\u015bci, pokonywa\u0107 wyzwania i osi\u0105ga\u0107 zr\u00f3wnowa\u017cony rozw\u00f3j. \u0141\u0105czymy wiedz\u0119 bran\u017cow\u0105 z innowacyjnymi podej\u015bciami, aby pom\u00f3c Twojej firmie odnie\u015b\u0107 sukces na konkurencyjnych rynkach.    <\/p><\/div>\n<\/div>\n\n\n\n<div class=\"wp-block-uagb-container uagb-block-52e8d814\">\n<div class=\"wp-block-uagb-image alignright uagb-block-053cc466 wp-block-uagb-image--layout-default wp-block-uagb-image--effect-static wp-block-uagb-image--align-right\"><figure class=\"wp-block-uagb-image__figure\"><img decoding=\"async\" srcset=\"https:\/\/varox.com.de\/wp-content\/uploads\/2025\/10\/pexels-photo-318236.jpeg ,https:\/\/varox.com.de\/wp-content\/uploads\/2025\/10\/pexels-photo-318236.jpeg 780w, https:\/\/varox.com.de\/wp-content\/uploads\/2025\/10\/pexels-photo-318236.jpeg 360w\" sizes=\"auto, (max-width: 480px) 150px\" src=\"https:\/\/varox.com.de\/wp-content\/uploads\/2025\/10\/pexels-photo-318236.jpeg\" alt=\"\" class=\"uag-image-71\" width=\"560\" height=\"450\" title=\"\" loading=\"lazy\" role=\"img\"\/><\/figure><\/div>\n<\/div>\n<\/div>\n\n\n\n<div class=\"wp-block-uagb-container uagb-block-b2d9e760\">\n<div class=\"wp-block-uagb-container uagb-block-43a5342f\">\n<div class=\"wp-block-uagb-image alignleft uagb-block-892e64a2 wp-block-uagb-image--layout-default wp-block-uagb-image--effect-static wp-block-uagb-image--align-left\"><figure class=\"wp-block-uagb-image__figure\"><img decoding=\"async\" srcset=\"https:\/\/varox.com.de\/wp-content\/uploads\/2025\/10\/pexels-photo-7679877.jpeg ,https:\/\/varox.com.de\/wp-content\/uploads\/2025\/10\/pexels-photo-7679877.jpeg 780w, https:\/\/varox.com.de\/wp-content\/uploads\/2025\/10\/pexels-photo-7679877.jpeg 360w\" sizes=\"auto, (max-width: 480px) 150px\" src=\"https:\/\/varox.com.de\/wp-content\/uploads\/2025\/10\/pexels-photo-7679877.jpeg\" alt=\"\" class=\"uag-image-72\" width=\"560\" height=\"450\" title=\"\" loading=\"lazy\" role=\"img\"\/><\/figure><\/div>\n<\/div>\n\n\n\n<div class=\"wp-block-uagb-container uagb-block-55c5dc54\">\n<div class=\"wp-block-uagb-advanced-heading uagb-block-2b230474\"><div class=\"uagb-heading-text\">03<\/div><\/div>\n\n\n\n<div class=\"wp-block-uagb-advanced-heading uagb-block-d76864a8\" id=\"marketing-solutions\"><h2 class=\"uagb-heading-text\"><a href=\"#marketing-solutions\">Rozwi\u0105zania marketingowe<\/a><\/h2><p class=\"uagb-desc-text\">Nasze rozwi\u0105zania marketingowe obejmuj\u0105 marketing cyfrowy, zarz\u0105dzanie mark\u0105 i analiz\u0119 rynku. Pomagamy Twojej firmie zyska\u0107 widoczno\u015b\u0107 i skutecznie dotrze\u0107 do grupy docelowej. Od kampanii w mediach spo\u0142eczno\u015bciowych i optymalizacji SEO po kompleksowe strategie marki, tworzymy skuteczne inicjatywy marketingowe, kt\u00f3re przynosz\u0105 wymierne rezultaty. Nasz zesp\u00f3\u0142 przeprowadza dog\u0142\u0119bne badania rynku, aby identyfikowa\u0107 trendy i mo\u017cliwo\u015bci, zapewniaj\u0105c, \u017ce Tw\u00f3j przekaz trafi do odpowiednich klient\u00f3w. Tworzymy spersonalizowane kampanie, kt\u00f3re zwi\u0119kszaj\u0105 zaanga\u017cowanie.    <\/p><\/div>\n<\/div>\n<\/div>\n\n\n\n<div class=\"wp-block-uagb-container uagb-block-bfaa8222\">\n<div class=\"wp-block-uagb-container uagb-block-64edf58e\">\n<div class=\"wp-block-uagb-image alignright uagb-block-3c53e50c wp-block-uagb-image--layout-default wp-block-uagb-image--effect-static wp-block-uagb-image--align-right alignleft\"><figure class=\"wp-block-uagb-image__figure\"><img decoding=\"async\" srcset=\"https:\/\/varox.com.de\/wp-content\/uploads\/2026\/01\/html-css-collage-concept-with-person-1024x683.jpg ,https:\/\/varox.com.de\/wp-content\/uploads\/2026\/01\/html-css-collage-concept-with-person-scaled.jpg 780w, https:\/\/varox.com.de\/wp-content\/uploads\/2026\/01\/html-css-collage-concept-with-person-scaled.jpg 360w\" sizes=\"auto, (max-width: 480px) 150px\" src=\"https:\/\/varox.com.de\/wp-content\/uploads\/2026\/01\/html-css-collage-concept-with-person-1024x683.jpg\" alt=\"\" class=\"uag-image-1130\" width=\"559\" height=\"450\" title=\"html-css-collage-concept-with-person\" loading=\"lazy\" role=\"img\"\/><\/figure><\/div>\n<\/div>\n\n\n\n<div class=\"wp-block-uagb-container uagb-block-d0a372b4\">\n<div class=\"wp-block-uagb-advanced-heading uagb-block-187ecd12\"><div class=\"uagb-heading-text\">04<\/div><\/div>\n\n\n\n<div class=\"wp-block-uagb-advanced-heading uagb-block-8286b287\" id=\"marketing-solutions\"><h2 class=\"uagb-heading-text\"><a href=\"#marketing-solutions\"><strong><strong>Rozw\u00f3j Oprogramowania i Transformacja Cyfrowa<\/strong><\/strong><\/a><\/h2><\/div>\n\n\n\n<p>Projektujemy i dostarczamy rozwi\u0105zania programowe klasy enterprise, kt\u00f3re transformuj\u0105 operacje biznesowe i zapewniaj\u0105 przewag\u0119 konkurencyjn\u0105. Nasza ekspertyza obejmuje niestandardowe systemy ERP, platformy telefonii opartej na SIP, zaawansowane systemy nawigacji i kontroli lotu, integracje API oraz inteligentne narz\u0119dzia automatyzacji. Wykorzystuj\u0105c najnowocze\u015bniejsze stosy technologiczne i standardy rozwoju klasy aerospace, tworzymy aplikacje o krytycznym znaczeniu dla telekomunikacji, logistyki i wyspecjalizowanych sektor\u00f3w przemys\u0142owych. Nasze kompleksowe podej\u015bcie obejmuje audyty techniczne, projektowanie system\u00f3w wbudowanych, architektur\u0119 przetwarzania danych w czasie rzeczywistym oraz optymalizacj\u0119 po wdro\u017ceniu. Nie tylko piszemy kod\u2014rozwi\u0105zujemy z\u0142o\u017cone wyzwania techniczne w r\u00f3\u017cnych bran\u017cach, dostarczaj\u0105c rozwi\u0105zania spe\u0142niaj\u0105ce rygorystyczne wymagania wydajno\u015bciowe i zapewniaj\u0105ce wymierny zwrot z inwestycji od momentu wdro\u017cenia.<\/p>\n<\/div>\n<\/div>\n<\/div><\/div>\n\n\n\n<div class=\"wp-block-uagb-container uagb-block-b1910bc1 alignfull uagb-is-root-container\"><div class=\"uagb-container-inner-blocks-wrap\">\n<div class=\"wp-block-uagb-advanced-heading uagb-block-38cff14a\"><h2 class=\"uagb-heading-text\">Cz\u0119sto zadawane pytania<\/h2><\/div>\n\n\n\n<div class=\"wp-block-uagb-container uagb-block-af7e7337\">\n<div class=\"wp-block-uagb-container uagb-block-0ee8d121\">\n<div class=\"wp-block-uagb-advanced-heading uagb-block-829e30f4\"><h3 class=\"uagb-heading-text\">Jakimi produktami handlujesz?<\/h3><p class=\"uagb-desc-text\">Zajmujemy si\u0119 handlem odzie\u017c\u0105, elektronik\u0105, materia\u0142ami budowlanymi i katalizatorami metalowymi, dostarczaj\u0105c wysokiej jako\u015bci towary odpowiednie dla r\u00f3\u017cnych ga\u0142\u0119zi przemys\u0142u w ca\u0142ej Europie.<\/p><div class=\"uagb-separator\"><\/div><\/div>\n\n\n\n<div class=\"wp-block-uagb-advanced-heading uagb-block-e1382c82\"><h3 class=\"uagb-heading-text\">Jakie us\u0142ugi marketingowe oferujecie?<\/h3><p class=\"uagb-desc-text\">Oferujemy kompleksowe us\u0142ugi obejmuj\u0105ce marketing cyfrowy, zarz\u0105dzanie mark\u0105 i analiz\u0119 rynku.<\/p><div class=\"uagb-separator\"><\/div><\/div>\n<\/div>\n\n\n\n<div class=\"wp-block-uagb-container uagb-block-985d7cb3\">\n<div class=\"wp-block-uagb-advanced-heading uagb-block-4ff77716\"><h3 class=\"uagb-heading-text\">W jaki spos\u00f3b Twoje us\u0142ugi konsultingowe mog\u0105 nam pom\u00f3c?<\/h3><p class=\"uagb-desc-text\">Nasze us\u0142ugi doradztwa biznesowego maj\u0105 na celu identyfikacj\u0119 mo\u017cliwo\u015bci rozwoju i optymalizacj\u0119 operacji, poprzez tworzenie strategii dostosowanych do indywidualnych potrzeb Twojej firmy.<\/p><div class=\"uagb-separator\"><\/div><\/div>\n\n\n\n<div class=\"wp-block-uagb-advanced-heading uagb-block-d5522357\"><h3 class=\"uagb-heading-text\">Jak poprosi\u0107 o wycen\u0119?<\/h3><p class=\"uagb-desc-text\">Aby poprosi\u0107 o wycen\u0119, wype\u0142nij formularz kontaktowy, a my niezw\u0142ocznie skontaktujemy si\u0119 z Tob\u0105, przedstawiaj\u0105c propozycj\u0119 dostosowan\u0105 do Twoich potrzeb.<\/p><div class=\"uagb-separator\"><\/div><\/div>\n<\/div>\n<\/div>\n<\/div><\/div>\n\n\n","protected":false},"excerpt":{"rendered":"<p>Nasza kompleksowa oferta 01 Handel towarami magazynowymi Specjalizujemy si\u0119 w handlu odzie\u017c\u0105, elektronik\u0105, materia\u0142ami budowlanymi i katalizatorami metalowymi. Nasz zr\u00f3\u017cnicowany [&hellip;]<\/p>\n","protected":false},"author":4,"featured_media":0,"parent":0,"menu_order":0,"comment_status":"closed","ping_status":"closed","template":"","meta":{"_uag_custom_page_level_css":"","site-sidebar-layout":"no-sidebar","site-content-layout":"plain-container","ast-site-content-layout":"normal-width-container","site-content-style":"unboxed","site-sidebar-style":"unboxed","ast-global-header-display":"","ast-banner-title-visibility":"","ast-main-header-display":"","ast-hfb-above-header-display":"","ast-hfb-below-header-display":"","ast-hfb-mobile-header-display":"","site-post-title":"disabled","ast-breadcrumbs-content":"","ast-featured-img":"","footer-sml-layout":"","ast-disable-related-posts":"","theme-transparent-header-meta":"default","adv-header-id-meta":"","stick-header-meta":"","header-above-stick-meta":"","header-main-stick-meta":"","header-below-stick-meta":"","astra-migrate-meta-layouts":"set","ast-page-background-enabled":"default","ast-page-background-meta":{"desktop":{"background-color":"var(--ast-global-color-4)","background-image":"","background-repeat":"repeat","background-position":"center center","background-size":"auto","background-attachment":"scroll","background-type":"","background-media":"","overlay-type":"","overlay-color":"","overlay-opacity":"","overlay-gradient":""},"tablet":{"background-color":"","background-image":"","background-repeat":"repeat","background-position":"center center","background-size":"auto","background-attachment":"scroll","background-type":"","background-media":"","overlay-type":"","overlay-color":"","overlay-opacity":"","overlay-gradient":""},"mobile":{"background-color":"","background-image":"","background-repeat":"repeat","background-position":"center center","background-size":"auto","background-attachment":"scroll","background-type":"","background-media":"","overlay-type":"","overlay-color":"","overlay-opacity":"","overlay-gradient":""}},"ast-content-background-meta":{"desktop":{"background-color":"var(--ast-global-color-5)","background-image":"","background-repeat":"repeat","background-position":"center center","background-size":"auto","background-attachment":"scroll","background-type":"","background-media":"","overlay-type":"","overlay-color":"","overlay-opacity":"","overlay-gradient":""},"tablet":{"background-color":"var(--ast-global-color-5)","background-image":"","background-repeat":"repeat","background-position":"center center","background-size":"auto","background-attachment":"scroll","background-type":"","background-media":"","overlay-type":"","overlay-color":"","overlay-opacity":"","overlay-gradient":""},"mobile":{"background-color":"var(--ast-global-color-5)","background-image":"","background-repeat":"repeat","background-position":"center center","background-size":"auto","background-attachment":"scroll","background-type":"","background-media":"","overlay-type":"","overlay-color":"","overlay-opacity":"","overlay-gradient":""}},"footnotes":""},"class_list":["post-1034","page","type-page","status-publish","hentry"],"uagb_featured_image_src":{"full":false,"thumbnail":false,"medium":false,"medium_large":false,"large":false,"1536x1536":false,"2048x2048":false},"uagb_author_info":{"display_name":"admin","author_link":"https:\/\/varox.com.de\/pl\/author\/admin\/"},"uagb_comment_info":0,"uagb_excerpt":"Nasza kompleksowa oferta 01 Handel towarami magazynowymi Specjalizujemy si\u0119 w handlu odzie\u017c\u0105, elektronik\u0105, materia\u0142ami budowlanymi i katalizatorami metalowymi. Nasz zr\u00f3\u017cnicowany [&hellip;]","_links":{"self":[{"href":"https:\/\/varox.com.de\/pl\/wp-json\/wp\/v2\/pages\/1034","targetHints":{"allow":["GET"]}}],"collection":[{"href":"https:\/\/varox.com.de\/pl\/wp-json\/wp\/v2\/pages"}],"about":[{"href":"https:\/\/varox.com.de\/pl\/wp-json\/wp\/v2\/types\/page"}],"author":[{"embeddable":true,"href":"https:\/\/varox.com.de\/pl\/wp-json\/wp\/v2\/users\/4"}],"replies":[{"embeddable":true,"href":"https:\/\/varox.com.de\/pl\/wp-json\/wp\/v2\/comments?post=1034"}],"version-history":[{"count":5,"href":"https:\/\/varox.com.de\/pl\/wp-json\/wp\/v2\/pages\/1034\/revisions"}],"predecessor-version":[{"id":1141,"href":"https:\/\/varox.com.de\/pl\/wp-json\/wp\/v2\/pages\/1034\/revisions\/1141"}],"wp:attachment":[{"href":"https:\/\/varox.com.de\/pl\/wp-json\/wp\/v2\/media?parent=1034"}],"curies":[{"name":"wp","href":"https:\/\/api.w.org\/{rel}","templated":true}]}}