{"id":1029,"date":"2025-10-02T00:18:29","date_gmt":"2025-10-01T22:18:29","guid":{"rendered":"https:\/\/varox.com.de\/o-nas\/"},"modified":"2025-10-13T09:22:16","modified_gmt":"2025-10-13T07:22:16","slug":"o-nas","status":"publish","type":"page","link":"https:\/\/varox.com.de\/pl\/o-nas\/","title":{"rendered":"O nas"},"content":{"rendered":"\n<div class=\"wp-block-uagb-container uagb-block-2d2ac8b6 alignfull uagb-is-root-container\"><div class=\"uagb-container-inner-blocks-wrap\">\n<div class=\"wp-block-uagb-advanced-heading uagb-block-ce3060fa\"><h1 class=\"uagb-heading-text\">Odkryj Varox<\/h1><\/div>\n<\/div><\/div>\n\n\n\n<div class=\"wp-block-uagb-container uagb-block-6abd5f65 alignfull uagb-is-root-container\"><div class=\"uagb-container-inner-blocks-wrap\">\n<div class=\"wp-block-uagb-container uagb-block-6105583a\">\n<div class=\"wp-block-uagb-advanced-heading uagb-block-d5ee27ff\"><h2 class=\"uagb-heading-text\">Nasza podr\u00f3\u017c i zaanga\u017cowanie w doskona\u0142o\u015b\u0107<\/h2><p class=\"uagb-desc-text\">Za\u0142o\u017cona, aby wype\u0142ni\u0107 luk\u0119 na europejskim rynku handlowym, firma Varox rozpocz\u0119\u0142a swoj\u0105 dzia\u0142alno\u015b\u0107 z wizj\u0105 \u015bwiadczenia wyj\u0105tkowych us\u0142ug w zakresie towar\u00f3w magazynowych. Nasz\u0105 motywacj\u0105 jest g\u0142\u0119bokie zaanga\u017cowanie w niezawodno\u015b\u0107 i satysfakcj\u0119 klienta. <\/p><\/div>\n\n\n\n<div class=\"wp-block-uagb-advanced-heading uagb-block-8bbeb50b\"><p class=\"uagb-desc-text\">Firma Varox rozpocz\u0119\u0142a swoj\u0105 dzia\u0142alno\u015b\u0107 w sercu Niemiec, gdzie dostrzegli\u015bmy zapotrzebowanie na wysokiej jako\u015bci us\u0142ugi handlowe. Z niewielkim, ale zaanga\u017cowanym zespo\u0142em, uruchomili\u015bmy nasze us\u0142ugi w sektorze odzie\u017cy i elektroniki magazynowej, szybko rozszerzaj\u0105c nasz zasi\u0119g na ca\u0142\u0105 Europ\u0119. <\/p><\/div>\n\n\n\n<div class=\"wp-block-uagb-advanced-heading uagb-block-3747c6dc\"><p class=\"uagb-desc-text\">Przez lata byli\u015bmy doceniani za nasz\u0105 doskona\u0142\u0105 obs\u0142ug\u0119, zdobywaj\u0105c liczne nagrody w sektorze B2B. Wyr\u00f3\u017cnienia te odzwierciedlaj\u0105 nasze niezmienne zaanga\u017cowanie w jako\u015b\u0107 oraz innowacyjne podej\u015bcie do handlu i doradztwa. <\/p><\/div>\n<\/div>\n\n\n\n<div class=\"wp-block-uagb-container uagb-block-0bc4114d\">\n<div class=\"wp-block-uagb-image alignright uagb-block-f0a6a3a2 wp-block-uagb-image--layout-default wp-block-uagb-image--effect-static wp-block-uagb-image--align-right\"><figure class=\"wp-block-uagb-image__figure\"><img decoding=\"async\" srcset=\"https:\/\/varox.com.de\/wp-content\/uploads\/2025\/10\/pexels-photo-7679682.jpeg ,https:\/\/varox.com.de\/wp-content\/uploads\/2025\/10\/pexels-photo-7679682.jpeg 780w, https:\/\/varox.com.de\/wp-content\/uploads\/2025\/10\/pexels-photo-7679682.jpeg 360w\" sizes=\"auto, (max-width: 480px) 150px\" src=\"https:\/\/varox.com.de\/wp-content\/uploads\/2025\/10\/pexels-photo-7679682.jpeg\" alt=\"\" class=\"uag-image-75\" width=\"480\" height=\"450\" title=\"\" loading=\"lazy\" role=\"img\"><\/figure><\/div>\n<\/div>\n<\/div><\/div>\n\n\n\n<div class=\"wp-block-uagb-container uagb-block-a5d93041 alignfull uagb-is-root-container\"><div class=\"uagb-container-inner-blocks-wrap\">\n<div class=\"wp-block-uagb-advanced-heading uagb-block-cf91c11b\"><div class=\"uagb-heading-text\">Dlaczego si\u0119 wyr\u00f3\u017cniamy<\/div><\/div>\n\n\n\n<div class=\"wp-block-uagb-advanced-heading uagb-block-c516ad43\"><h2 class=\"uagb-heading-text\">Unikalne propozycje warto\u015bci, kt\u00f3re maj\u0105 znaczenie<\/h2><\/div>\n\n\n\n<div class=\"wp-block-uagb-container uagb-block-0c4504e6\">\n<div class=\"wp-block-uagb-info-box uagb-block-f34a2afa uagb-infobox__content-wrap uagb-infobox-icon-above-title uagb-infobox-image-valign-top\"><div class=\"uagb-ifb-content\"><div class=\"uagb-ifb-title-wrap\"><span class=\"uagb-ifb-title-prefix\">01<\/span><h3 class=\"uagb-ifb-title\">Ekspertyza w Europie<\/h3><\/div><p class=\"uagb-ifb-desc\">Dzi\u0119ki wieloletniemu do\u015bwiadczeniu na rynku europejskim rozumiemy niuanse handlu i mo\u017cemy zapewni\u0107 Ci wiedz\u0119, kt\u00f3ra pomo\u017ce Ci rozwin\u0105\u0107 Tw\u00f3j biznes.<\/p><\/div><\/div>\n\n\n\n<div class=\"wp-block-uagb-info-box uagb-block-3253b915 uagb-infobox__content-wrap uagb-infobox-icon-above-title uagb-infobox-image-valign-top\"><div class=\"uagb-ifb-content\"><div class=\"uagb-ifb-title-wrap\"><span class=\"uagb-ifb-title-prefix\">02<\/span><h3 class=\"uagb-ifb-title\">Niezawodne partnerstwa<\/h3><\/div><p class=\"uagb-ifb-desc\">Budujemy d\u0142ugotrwa\u0142e relacje oparte na zaufaniu i przejrzysto\u015bci, dzi\u0119ki czemu nasi klienci mog\u0105 polega\u0107 na nas w zakresie swoich potrzeb handlowych.<\/p><\/div><\/div>\n\n\n\n<div class=\"wp-block-uagb-info-box uagb-block-f0a5c06b uagb-infobox__content-wrap uagb-infobox-icon-above-title uagb-infobox-image-valign-top\"><div class=\"uagb-ifb-content\"><div class=\"uagb-ifb-title-wrap\"><span class=\"uagb-ifb-title-prefix\">03<\/span><h3 class=\"uagb-ifb-title\">Kompleksowy asortyment<\/h3><\/div><p class=\"uagb-ifb-desc\">Nasza oferta obejmuje odzie\u017c, elektronik\u0119, materia\u0142y budowlane i wiele innych produkt\u00f3w, zapewniaj\u0105c wszystko, czego potrzebujesz, w jednym miejscu.<\/p><\/div><\/div>\n<\/div>\n<\/div><\/div>\n\n\n\n<div class=\"wp-block-uagb-container uagb-block-6f2f644b alignfull uagb-is-root-container\"><div class=\"uagb-container-inner-blocks-wrap\">\n<div class=\"wp-block-uagb-advanced-heading uagb-block-c35fe5ab\"><div class=\"uagb-heading-text\">Poznaj nasz zesp\u00f3\u0142<\/div><\/div>\n\n\n\n<div class=\"wp-block-uagb-advanced-heading uagb-block-9855d6b1\"><h2 class=\"uagb-heading-text\">Do\u015bwiadczeni specjali\u015bci do Twojej dyspozycji<\/h2><\/div>\n\n\n\n<div class=\"wp-block-uagb-container uagb-block-c9b5023b\">\n<div class=\"wp-block-uagb-container uagb-block-7cba7844\">\n<div class=\"wp-block-uagb-image aligncenter uagb-block-20d3613c wp-block-uagb-image--layout-default wp-block-uagb-image--effect-static wp-block-uagb-image--align-center\"><figure class=\"wp-block-uagb-image__figure\"><img decoding=\"async\" srcset=\"https:\/\/varox.com.de\/wp-content\/uploads\/2025\/10\/teams-skip-05-819x1024-1.jpeg ,https:\/\/varox.com.de\/wp-content\/uploads\/2024\/03\/teams-skip-05-scaled-1.jpeg 780w, https:\/\/varox.com.de\/wp-content\/uploads\/2024\/03\/teams-skip-05-scaled-1.jpeg 360w\" sizes=\"auto, (max-width: 480px) 150px\" src=\"https:\/\/varox.com.de\/wp-content\/uploads\/2025\/10\/teams-skip-05-819x1024-1.jpeg\" alt=\"\" class=\"uag-image-718\" width=\"230\" height=\"230\" title=\"teams-skip-05\" loading=\"lazy\" role=\"img\"><\/figure><\/div>\n\n\n\n<div class=\"wp-block-uagb-advanced-heading uagb-block-d1e28398\"><div class=\"uagb-heading-text\">Devon Lane<\/div><\/div>\n<\/div>\n\n\n\n<div class=\"wp-block-uagb-container uagb-block-1fccb0e7\">\n<div class=\"wp-block-uagb-image aligncenter uagb-block-02ecdd56 wp-block-uagb-image--layout-default wp-block-uagb-image--effect-static wp-block-uagb-image--align-center\"><figure class=\"wp-block-uagb-image__figure\"><img decoding=\"async\" srcset=\"https:\/\/varox.com.de\/wp-content\/uploads\/2023\/08\/our-teacher-skip-03.jpg ,https:\/\/varox.com.de\/wp-content\/uploads\/2023\/08\/our-teacher-skip-03.jpg 780w, https:\/\/varox.com.de\/wp-content\/uploads\/2023\/08\/our-teacher-skip-03.jpg 360w\" sizes=\"auto, (max-width: 480px) 150px\" src=\"https:\/\/varox.com.de\/wp-content\/uploads\/2023\/08\/our-teacher-skip-03.jpg\" alt=\"\" class=\"uag-image-57\" width=\"230\" height=\"230\" title=\"\" loading=\"lazy\" role=\"img\"><\/figure><\/div>\n\n\n\n<div class=\"wp-block-uagb-advanced-heading uagb-block-7de189d3\"><div class=\"uagb-heading-text\">Courtney Henry<\/div><\/div>\n<\/div>\n\n\n\n<div class=\"wp-block-uagb-container uagb-block-72b90b3b\">\n<div class=\"wp-block-uagb-image aligncenter uagb-block-a6f81049 wp-block-uagb-image--layout-default wp-block-uagb-image--effect-static wp-block-uagb-image--align-center\"><figure class=\"wp-block-uagb-image__figure\"><img decoding=\"async\" srcset=\"https:\/\/varox.com.de\/wp-content\/uploads\/2023\/08\/our-teacher-skip-04.jpg ,https:\/\/varox.com.de\/wp-content\/uploads\/2023\/08\/our-teacher-skip-04.jpg 780w, https:\/\/varox.com.de\/wp-content\/uploads\/2023\/08\/our-teacher-skip-04.jpg 360w\" sizes=\"auto, (max-width: 480px) 150px\" src=\"https:\/\/varox.com.de\/wp-content\/uploads\/2023\/08\/our-teacher-skip-04.jpg\" alt=\"\" class=\"uag-image-58\" width=\"230\" height=\"230\" title=\"\" loading=\"lazy\" role=\"img\"><\/figure><\/div>\n\n\n\n<div class=\"wp-block-uagb-advanced-heading uagb-block-38e9508f\"><div class=\"uagb-heading-text\">Floyd Miles<\/div><\/div>\n<\/div>\n<\/div>\n<\/div><\/div>\n\n\n","protected":false},"excerpt":{"rendered":"<p>Odkryj Varox Nasza podr\u00f3\u017c i zaanga\u017cowanie w doskona\u0142o\u015b\u0107 Za\u0142o\u017cona, aby wype\u0142ni\u0107 luk\u0119 na europejskim rynku handlowym, firma Varox rozpocz\u0119\u0142a swoj\u0105 [&hellip;]<\/p>\n","protected":false},"author":4,"featured_media":0,"parent":0,"menu_order":0,"comment_status":"closed","ping_status":"closed","template":"","meta":{"_uag_custom_page_level_css":"","site-sidebar-layout":"no-sidebar","site-content-layout":"plain-container","ast-site-content-layout":"normal-width-container","site-content-style":"unboxed","site-sidebar-style":"unboxed","ast-global-header-display":"","ast-banner-title-visibility":"","ast-main-header-display":"","ast-hfb-above-header-display":"","ast-hfb-below-header-display":"","ast-hfb-mobile-header-display":"","site-post-title":"disabled","ast-breadcrumbs-content":"","ast-featured-img":"","footer-sml-layout":"","ast-disable-related-posts":"","theme-transparent-header-meta":"default","adv-header-id-meta":"","stick-header-meta":"","header-above-stick-meta":"","header-main-stick-meta":"","header-below-stick-meta":"","astra-migrate-meta-layouts":"default","ast-page-background-enabled":"default","ast-page-background-meta":{"desktop":{"background-color":"var(--ast-global-color-4)","background-image":"","background-repeat":"repeat","background-position":"center center","background-size":"auto","background-attachment":"scroll","background-type":"","background-media":"","overlay-type":"","overlay-color":"","overlay-opacity":"","overlay-gradient":""},"tablet":{"background-color":"","background-image":"","background-repeat":"repeat","background-position":"center center","background-size":"auto","background-attachment":"scroll","background-type":"","background-media":"","overlay-type":"","overlay-color":"","overlay-opacity":"","overlay-gradient":""},"mobile":{"background-color":"","background-image":"","background-repeat":"repeat","background-position":"center center","background-size":"auto","background-attachment":"scroll","background-type":"","background-media":"","overlay-type":"","overlay-color":"","overlay-opacity":"","overlay-gradient":""}},"ast-content-background-meta":{"desktop":{"background-color":"var(--ast-global-color-5)","background-image":"","background-repeat":"repeat","background-position":"center center","background-size":"auto","background-attachment":"scroll","background-type":"","background-media":"","overlay-type":"","overlay-color":"","overlay-opacity":"","overlay-gradient":""},"tablet":{"background-color":"var(--ast-global-color-5)","background-image":"","background-repeat":"repeat","background-position":"center center","background-size":"auto","background-attachment":"scroll","background-type":"","background-media":"","overlay-type":"","overlay-color":"","overlay-opacity":"","overlay-gradient":""},"mobile":{"background-color":"var(--ast-global-color-5)","background-image":"","background-repeat":"repeat","background-position":"center center","background-size":"auto","background-attachment":"scroll","background-type":"","background-media":"","overlay-type":"","overlay-color":"","overlay-opacity":"","overlay-gradient":""}},"footnotes":""},"class_list":["post-1029","page","type-page","status-publish","hentry"],"uagb_featured_image_src":{"full":false,"thumbnail":false,"medium":false,"medium_large":false,"large":false,"1536x1536":false,"2048x2048":false},"uagb_author_info":{"display_name":"admin","author_link":"https:\/\/varox.com.de\/pl\/author\/admin\/"},"uagb_comment_info":0,"uagb_excerpt":"Odkryj Varox Nasza podr\u00f3\u017c i zaanga\u017cowanie w doskona\u0142o\u015b\u0107 Za\u0142o\u017cona, aby wype\u0142ni\u0107 luk\u0119 na europejskim rynku handlowym, firma Varox rozpocz\u0119\u0142a swoj\u0105 [&hellip;]","_links":{"self":[{"href":"https:\/\/varox.com.de\/pl\/wp-json\/wp\/v2\/pages\/1029","targetHints":{"allow":["GET"]}}],"collection":[{"href":"https:\/\/varox.com.de\/pl\/wp-json\/wp\/v2\/pages"}],"about":[{"href":"https:\/\/varox.com.de\/pl\/wp-json\/wp\/v2\/types\/page"}],"author":[{"embeddable":true,"href":"https:\/\/varox.com.de\/pl\/wp-json\/wp\/v2\/users\/4"}],"replies":[{"embeddable":true,"href":"https:\/\/varox.com.de\/pl\/wp-json\/wp\/v2\/comments?post=1029"}],"version-history":[{"count":2,"href":"https:\/\/varox.com.de\/pl\/wp-json\/wp\/v2\/pages\/1029\/revisions"}],"predecessor-version":[{"id":1120,"href":"https:\/\/varox.com.de\/pl\/wp-json\/wp\/v2\/pages\/1029\/revisions\/1120"}],"wp:attachment":[{"href":"https:\/\/varox.com.de\/pl\/wp-json\/wp\/v2\/media?parent=1029"}],"curies":[{"name":"wp","href":"https:\/\/api.w.org\/{rel}","templated":true}]}}