{"id":1019,"date":"2025-10-02T00:18:29","date_gmt":"2025-10-01T22:18:29","guid":{"rendered":"https:\/\/varox.com.de\/angebote\/"},"modified":"2026-02-16T16:43:17","modified_gmt":"2026-02-16T14:43:17","slug":"angebote","status":"publish","type":"page","link":"https:\/\/varox.com.de\/de\/angebote\/","title":{"rendered":"Angebote"},"content":{"rendered":"\n<div class=\"wp-block-uagb-container uagb-block-4d237974 alignfull uagb-is-root-container\"><div class=\"uagb-container-inner-blocks-wrap\">\n<div class=\"wp-block-uagb-advanced-heading uagb-block-ce3060fa\"><h1 class=\"uagb-heading-text\">Unser umfassendes Angebot<\/h1><\/div>\n<\/div><\/div>\n\n\n\n<div class=\"wp-block-uagb-container uagb-block-c06db880 alignfull uagb-is-root-container\"><div class=\"uagb-container-inner-blocks-wrap\">\n<div class=\"wp-block-uagb-container uagb-block-7010744c\">\n<div class=\"wp-block-uagb-container uagb-block-c126a6ad\">\n<div class=\"wp-block-uagb-image alignleft uagb-block-73a5631d wp-block-uagb-image--layout-default wp-block-uagb-image--effect-static wp-block-uagb-image--align-left\"><figure class=\"wp-block-uagb-image__figure\"><img decoding=\"async\" srcset=\"https:\/\/varox.com.de\/wp-content\/uploads\/2025\/10\/pexels-photo-5922204.jpeg ,https:\/\/varox.com.de\/wp-content\/uploads\/2025\/10\/pexels-photo-5922204.jpeg 780w, https:\/\/varox.com.de\/wp-content\/uploads\/2025\/10\/pexels-photo-5922204.jpeg 360w\" sizes=\"auto, (max-width: 480px) 150px\" src=\"https:\/\/varox.com.de\/wp-content\/uploads\/2025\/10\/pexels-photo-5922204.jpeg\" alt=\"\" class=\"uag-image-70\" width=\"560\" height=\"450\" title=\"\" loading=\"lazy\" role=\"img\"><\/figure><\/div>\n<\/div>\n\n\n\n<div class=\"wp-block-uagb-container uagb-block-86ce49f3\">\n<div class=\"wp-block-uagb-advanced-heading uagb-block-78981b64\"><div class=\"uagb-heading-text\">01<\/div><\/div>\n\n\n\n<div class=\"wp-block-uagb-advanced-heading uagb-block-d5ee27ff\" id=\"stock-goods-trading\"><h2 class=\"uagb-heading-text\"><a href=\"#stock-goods-trading\">Lagerwarenhandel<\/a><\/h2><p class=\"uagb-desc-text\">Wir sind spezialisiert auf den Handel mit Lagerware aus Bekleidung, Elektronik, Baumaterialien und Metallkatalysatoren. Unser vielf\u00e4ltiges Sortiment garantiert Ihnen die passenden Produkte f\u00fcr Ihr Unternehmen. Dank unserer langj\u00e4hrigen Erfahrung auf den europ\u00e4ischen M\u00e4rkten bieten wir wettbewerbsf\u00e4hige Preise und zuverl\u00e4ssige Lieferungen \u00fcber Grenzen hinweg. Ob Sie gro\u00dfe Mengen \u00fcbersch\u00fcssiger Waren oder Spezialmaterialien ben\u00f6tigen, unser Expertenteam bietet Ihnen individuelle L\u00f6sungen, die auf Ihre Anforderungen zugeschnitten sind. Wir pflegen enge Partnerschaften mit Herstellern und Lieferanten.    <\/p><\/div>\n<\/div>\n<\/div>\n\n\n\n<div class=\"wp-block-uagb-container uagb-block-a444e0f2\">\n<div class=\"wp-block-uagb-container uagb-block-75dca7d2\">\n<div class=\"wp-block-uagb-advanced-heading uagb-block-80620d8c\"><div class=\"uagb-heading-text\">02<\/div><\/div>\n\n\n\n<div class=\"wp-block-uagb-advanced-heading uagb-block-5272db78\" id=\"business-consulting-services\"><h2 class=\"uagb-heading-text\"><a href=\"#business-consulting-services\">Unternehmensberatung<\/a><\/h2><p class=\"uagb-desc-text\">Unser Beratungsteam unterst\u00fctzt Sie bei Ihren Gesch\u00e4ftsstrategien. Wir bieten ma\u00dfgeschneiderte L\u00f6sungen in den Bereichen Marketing und operative Beratung, um Ihren Erfolg zu steigern. Von Marktanalysen und Markenentwicklung bis hin zu Prozessoptimierung und Wachstumsstrategien liefern wir Ihnen umsetzbare Erkenntnisse, die zu Ergebnissen f\u00fchren. Unsere erfahrenen Berater arbeiten eng mit Ihnen zusammen, um Chancen zu erkennen, Herausforderungen zu meistern und nachhaltiges Wachstum zu erzielen. Wir kombinieren Branchenexpertise mit innovativen Ans\u00e4tzen, um Ihrem Unternehmen zu helfen, in wettbewerbsintensiven M\u00e4rkten erfolgreich zu sein.    <\/p><\/div>\n<\/div>\n\n\n\n<div class=\"wp-block-uagb-container uagb-block-52e8d814\">\n<div class=\"wp-block-uagb-image alignright uagb-block-053cc466 wp-block-uagb-image--layout-default wp-block-uagb-image--effect-static wp-block-uagb-image--align-right\"><figure class=\"wp-block-uagb-image__figure\"><img decoding=\"async\" srcset=\"https:\/\/varox.com.de\/wp-content\/uploads\/2025\/10\/pexels-photo-318236.jpeg ,https:\/\/varox.com.de\/wp-content\/uploads\/2025\/10\/pexels-photo-318236.jpeg 780w, https:\/\/varox.com.de\/wp-content\/uploads\/2025\/10\/pexels-photo-318236.jpeg 360w\" sizes=\"auto, (max-width: 480px) 150px\" src=\"https:\/\/varox.com.de\/wp-content\/uploads\/2025\/10\/pexels-photo-318236.jpeg\" alt=\"\" class=\"uag-image-71\" width=\"560\" height=\"450\" title=\"\" loading=\"lazy\" role=\"img\"><\/figure><\/div>\n<\/div>\n<\/div>\n\n\n\n<div class=\"wp-block-uagb-container uagb-block-b2d9e760\">\n<div class=\"wp-block-uagb-container uagb-block-43a5342f\">\n<div class=\"wp-block-uagb-image alignleft uagb-block-892e64a2 wp-block-uagb-image--layout-default wp-block-uagb-image--effect-static wp-block-uagb-image--align-left\"><figure class=\"wp-block-uagb-image__figure\"><img decoding=\"async\" srcset=\"https:\/\/varox.com.de\/wp-content\/uploads\/2025\/10\/pexels-photo-7679877.jpeg ,https:\/\/varox.com.de\/wp-content\/uploads\/2025\/10\/pexels-photo-7679877.jpeg 780w, https:\/\/varox.com.de\/wp-content\/uploads\/2025\/10\/pexels-photo-7679877.jpeg 360w\" sizes=\"auto, (max-width: 480px) 150px\" src=\"https:\/\/varox.com.de\/wp-content\/uploads\/2025\/10\/pexels-photo-7679877.jpeg\" alt=\"\" class=\"uag-image-72\" width=\"560\" height=\"450\" title=\"\" loading=\"lazy\" role=\"img\"><\/figure><\/div>\n<\/div>\n\n\n\n<div class=\"wp-block-uagb-container uagb-block-55c5dc54\">\n<div class=\"wp-block-uagb-advanced-heading uagb-block-2b230474\"><div class=\"uagb-heading-text\">03<\/div><\/div>\n\n\n\n<div class=\"wp-block-uagb-advanced-heading uagb-block-d76864a8\" id=\"marketing-solutions\"><h2 class=\"uagb-heading-text\"><a href=\"#marketing-solutions\">Marketingl\u00f6sungen<\/a><\/h2><p class=\"uagb-desc-text\">Unsere Marketingl\u00f6sungen umfassen digitales Marketing, Markenmanagement und Marktanalysen. Wir helfen Ihrem Unternehmen, Sichtbarkeit zu gewinnen und Ihre Zielgruppe effektiv zu erreichen. Von Social-Media-Kampagnen und SEO-Optimierung bis hin zu umfassenden Markenstrategien entwickeln wir wirkungsvolle Marketinginitiativen, die messbare Ergebnisse liefern. Unser Team f\u00fchrt umfassende Marktforschung durch, um Trends und Chancen zu identifizieren und sicherzustellen, dass Ihre Botschaft die richtigen Kunden erreicht. Wir entwickeln ma\u00dfgeschneiderte Kampagnen, die das Engagement f\u00f6rdern.    <\/p><\/div>\n<\/div>\n<\/div>\n\n\n\n<div class=\"wp-block-uagb-container uagb-block-93838c1e\">\n<div class=\"wp-block-uagb-container uagb-block-2826d0d1\">\n<div class=\"wp-block-uagb-image alignright uagb-block-3c53e50c wp-block-uagb-image--layout-default wp-block-uagb-image--effect-static wp-block-uagb-image--align-right alignleft\"><figure class=\"wp-block-uagb-image__figure\"><img decoding=\"async\" srcset=\"https:\/\/varox.com.de\/wp-content\/uploads\/2026\/01\/html-css-collage-concept-with-person-1024x683.jpg ,https:\/\/varox.com.de\/wp-content\/uploads\/2026\/01\/html-css-collage-concept-with-person-scaled.jpg 780w, https:\/\/varox.com.de\/wp-content\/uploads\/2026\/01\/html-css-collage-concept-with-person-scaled.jpg 360w\" sizes=\"auto, (max-width: 480px) 150px\" src=\"https:\/\/varox.com.de\/wp-content\/uploads\/2026\/01\/html-css-collage-concept-with-person-1024x683.jpg\" alt=\"\" class=\"uag-image-1130\" width=\"559\" height=\"450\" title=\"html-css-collage-concept-with-person\" loading=\"lazy\" role=\"img\"><\/figure><\/div>\n<\/div>\n\n\n\n<div class=\"wp-block-uagb-container uagb-block-28ecc19c\">\n<div class=\"wp-block-uagb-advanced-heading uagb-block-2cdd9607\"><div class=\"uagb-heading-text\">04<\/div><\/div>\n\n\n\n<div class=\"wp-block-uagb-advanced-heading uagb-block-df55f747\" id=\"marketing-solutions\"><h2 class=\"uagb-heading-text\"><a href=\"#marketing-solutions\"><strong><strong>Softwareentwicklung &amp; Digitale Transformation<\/strong><\/strong><\/a><\/h2><\/div>\n\n\n\n<p>Wir konzipieren und liefern Enterprise-Software-L\u00f6sungen, die Gesch\u00e4ftsprozesse transformieren und Wettbewerbsvorteile erschlie\u00dfen. Unsere Entwicklungsexpertise umfasst ma\u00dfgeschneiderte ERP-Systeme, SIP-basierte Telefonieplattformen, fortschrittliche Navigations- und Flugsteuerungssysteme, API-Integrationen und intelligente Automatisierungstools. Unter Nutzung modernster Technologie-Stacks und Aerospace-grade Entwicklungsstandards entwickeln wir unternehmenskritische Anwendungen f\u00fcr Telekommunikation, Logistik und spezialisierte Industriesektoren. Unser Full-Cycle-Ansatz umfasst technische Audits, Embedded-Systems-Design, Echtzeit-Datenverarbeitungsarchitektur und Post-Deployment-Optimierung. Wir schreiben nicht nur Code\u2014wir l\u00f6sen komplexe technische Herausforderungen branchen\u00fcbergreifend und liefern L\u00f6sungen, die strenge Leistungsanforderungen erf\u00fcllen und messbaren ROI ab der Implementierung sicherstellen.    <\/p>\n<\/div>\n<\/div>\n<\/div><\/div>\n\n\n\n<div class=\"wp-block-uagb-container uagb-block-b1910bc1 alignfull uagb-is-root-container\"><div class=\"uagb-container-inner-blocks-wrap\">\n<div class=\"wp-block-uagb-advanced-heading uagb-block-38cff14a\"><h2 class=\"uagb-heading-text\">H\u00e4ufig gestellte Fragen<\/h2><\/div>\n\n\n\n<div class=\"wp-block-uagb-container uagb-block-af7e7337\">\n<div class=\"wp-block-uagb-container uagb-block-0ee8d121\">\n<div class=\"wp-block-uagb-advanced-heading uagb-block-829e30f4\"><h3 class=\"uagb-heading-text\">Mit welchen Produkten handeln Sie?<\/h3><p class=\"uagb-desc-text\">Wir handeln mit Lagerkleidung, Elektronik, Baumaterialien und Metallkatalysatoren und bieten Qualit\u00e4tswaren f\u00fcr verschiedene Branchen in ganz Europa.<\/p><div class=\"uagb-separator\"><\/div><\/div>\n\n\n\n<div class=\"wp-block-uagb-advanced-heading uagb-block-e1382c82\"><h3 class=\"uagb-heading-text\">Welche Marketing-Services bieten Sie an?<\/h3><p class=\"uagb-desc-text\">Unser umfassendes Angebot umfasst digitales Marketing, Markenmanagement und Marktanalysen.<\/p><div class=\"uagb-separator\"><\/div><\/div>\n<\/div>\n\n\n\n<div class=\"wp-block-uagb-container uagb-block-985d7cb3\">\n<div class=\"wp-block-uagb-advanced-heading uagb-block-4ff77716\"><h3 class=\"uagb-heading-text\">Wie k\u00f6nnen uns Ihre Beratungsleistungen helfen?<\/h3><p class=\"uagb-desc-text\">Unsere Unternehmensberatungsdienste sind darauf ausgerichtet, Wachstumschancen zu erkennen und Betriebsabl\u00e4ufe zu optimieren. Dazu entwickeln wir ma\u00dfgeschneiderte Strategien, die Ihren individuellen Gesch\u00e4ftsanforderungen gerecht werden.<\/p><div class=\"uagb-separator\"><\/div><\/div>\n\n\n\n<div class=\"wp-block-uagb-advanced-heading uagb-block-d5522357\"><h3 class=\"uagb-heading-text\">Wie fordere ich ein Angebot an?<\/h3><p class=\"uagb-desc-text\">Um ein Angebot anzufordern, f\u00fcllen Sie bitte unser Kontaktformular aus. Wir melden uns umgehend mit einem auf Ihre Bed\u00fcrfnisse zugeschnittenen Angebot bei Ihnen.<\/p><div class=\"uagb-separator\"><\/div><\/div>\n<\/div>\n<\/div>\n<\/div><\/div>\n\n\n","protected":false},"excerpt":{"rendered":"<p>Unser umfassendes Angebot 01 Lagerwarenhandel Wir sind spezialisiert auf den Handel mit Lagerware aus Bekleidung, Elektronik, Baumaterialien und Metallkatalysatoren. Unser [&hellip;]<\/p>\n","protected":false},"author":4,"featured_media":0,"parent":0,"menu_order":0,"comment_status":"closed","ping_status":"closed","template":"","meta":{"_uag_custom_page_level_css":"","site-sidebar-layout":"no-sidebar","site-content-layout":"plain-container","ast-site-content-layout":"normal-width-container","site-content-style":"unboxed","site-sidebar-style":"unboxed","ast-global-header-display":"","ast-banner-title-visibility":"","ast-main-header-display":"","ast-hfb-above-header-display":"","ast-hfb-below-header-display":"","ast-hfb-mobile-header-display":"","site-post-title":"disabled","ast-breadcrumbs-content":"","ast-featured-img":"","footer-sml-layout":"","ast-disable-related-posts":"","theme-transparent-header-meta":"default","adv-header-id-meta":"","stick-header-meta":"","header-above-stick-meta":"","header-main-stick-meta":"","header-below-stick-meta":"","astra-migrate-meta-layouts":"set","ast-page-background-enabled":"default","ast-page-background-meta":{"desktop":{"background-color":"var(--ast-global-color-4)","background-image":"","background-repeat":"repeat","background-position":"center center","background-size":"auto","background-attachment":"scroll","background-type":"","background-media":"","overlay-type":"","overlay-color":"","overlay-opacity":"","overlay-gradient":""},"tablet":{"background-color":"","background-image":"","background-repeat":"repeat","background-position":"center center","background-size":"auto","background-attachment":"scroll","background-type":"","background-media":"","overlay-type":"","overlay-color":"","overlay-opacity":"","overlay-gradient":""},"mobile":{"background-color":"","background-image":"","background-repeat":"repeat","background-position":"center center","background-size":"auto","background-attachment":"scroll","background-type":"","background-media":"","overlay-type":"","overlay-color":"","overlay-opacity":"","overlay-gradient":""}},"ast-content-background-meta":{"desktop":{"background-color":"var(--ast-global-color-5)","background-image":"","background-repeat":"repeat","background-position":"center center","background-size":"auto","background-attachment":"scroll","background-type":"","background-media":"","overlay-type":"","overlay-color":"","overlay-opacity":"","overlay-gradient":""},"tablet":{"background-color":"var(--ast-global-color-5)","background-image":"","background-repeat":"repeat","background-position":"center center","background-size":"auto","background-attachment":"scroll","background-type":"","background-media":"","overlay-type":"","overlay-color":"","overlay-opacity":"","overlay-gradient":""},"mobile":{"background-color":"var(--ast-global-color-5)","background-image":"","background-repeat":"repeat","background-position":"center center","background-size":"auto","background-attachment":"scroll","background-type":"","background-media":"","overlay-type":"","overlay-color":"","overlay-opacity":"","overlay-gradient":""}},"footnotes":""},"class_list":["post-1019","page","type-page","status-publish","hentry"],"uagb_featured_image_src":{"full":false,"thumbnail":false,"medium":false,"medium_large":false,"large":false,"1536x1536":false,"2048x2048":false},"uagb_author_info":{"display_name":"admin","author_link":"https:\/\/varox.com.de\/de\/author\/admin\/"},"uagb_comment_info":0,"uagb_excerpt":"Unser umfassendes Angebot 01 Lagerwarenhandel Wir sind spezialisiert auf den Handel mit Lagerware aus Bekleidung, Elektronik, Baumaterialien und Metallkatalysatoren. Unser [&hellip;]","_links":{"self":[{"href":"https:\/\/varox.com.de\/de\/wp-json\/wp\/v2\/pages\/1019","targetHints":{"allow":["GET"]}}],"collection":[{"href":"https:\/\/varox.com.de\/de\/wp-json\/wp\/v2\/pages"}],"about":[{"href":"https:\/\/varox.com.de\/de\/wp-json\/wp\/v2\/types\/page"}],"author":[{"embeddable":true,"href":"https:\/\/varox.com.de\/de\/wp-json\/wp\/v2\/users\/4"}],"replies":[{"embeddable":true,"href":"https:\/\/varox.com.de\/de\/wp-json\/wp\/v2\/comments?post=1019"}],"version-history":[{"count":7,"href":"https:\/\/varox.com.de\/de\/wp-json\/wp\/v2\/pages\/1019\/revisions"}],"predecessor-version":[{"id":1160,"href":"https:\/\/varox.com.de\/de\/wp-json\/wp\/v2\/pages\/1019\/revisions\/1160"}],"wp:attachment":[{"href":"https:\/\/varox.com.de\/de\/wp-json\/wp\/v2\/media?parent=1019"}],"curies":[{"name":"wp","href":"https:\/\/api.w.org\/{rel}","templated":true}]}}