{"id":1010,"date":"2025-10-02T00:18:29","date_gmt":"2025-10-01T22:18:29","guid":{"rendered":"https:\/\/varox.com.de\/uber-uns\/"},"modified":"2025-10-13T09:21:34","modified_gmt":"2025-10-13T07:21:34","slug":"uber-uns","status":"publish","type":"page","link":"https:\/\/varox.com.de\/de\/uber-uns\/","title":{"rendered":"\u00dcber uns"},"content":{"rendered":"\n<div class=\"wp-block-uagb-container uagb-block-2d2ac8b6 alignfull uagb-is-root-container\"><div class=\"uagb-container-inner-blocks-wrap\">\n<div class=\"wp-block-uagb-advanced-heading uagb-block-ce3060fa\"><h1 class=\"uagb-heading-text\">Entdecken Sie Varox<\/h1><\/div>\n<\/div><\/div>\n\n\n\n<div class=\"wp-block-uagb-container uagb-block-6abd5f65 alignfull uagb-is-root-container\"><div class=\"uagb-container-inner-blocks-wrap\">\n<div class=\"wp-block-uagb-container uagb-block-6105583a\">\n<div class=\"wp-block-uagb-advanced-heading uagb-block-d5ee27ff\"><h2 class=\"uagb-heading-text\">Unser Weg und unser Engagement f\u00fcr Spitzenleistungen<\/h2><p class=\"uagb-desc-text\">Varox wurde gegr\u00fcndet, um die L\u00fccke im europ\u00e4ischen Handelsmarkt zu schlie\u00dfen. Die Vision war, au\u00dfergew\u00f6hnlichen Service f\u00fcr Lagerwaren anzubieten. Unsere Motivation beruht auf unserem tiefen Engagement f\u00fcr Zuverl\u00e4ssigkeit und Kundenzufriedenheit. <\/p><\/div>\n\n\n\n<div class=\"wp-block-uagb-advanced-heading uagb-block-8bbeb50b\"><p class=\"uagb-desc-text\">Varox begann seine Reise im Herzen Deutschlands, wo wir eine Nachfrage nach hochwertigen Handelsdienstleistungen erkannten. Mit einem kleinen, aber engagierten Team f\u00fchrten wir unsere Dienstleistungen in den Bereichen Lagerkleidung und Elektronik ein und erweiterten unsere Reichweite schnell in ganz Europa. <\/p><\/div>\n\n\n\n<div class=\"wp-block-uagb-advanced-heading uagb-block-3747c6dc\"><p class=\"uagb-desc-text\">Im Laufe der Jahre wurden wir f\u00fcr unseren exzellenten Service mehrfach im B2B-Bereich ausgezeichnet. Diese Auszeichnungen spiegeln unser unerm\u00fcdliches Engagement f\u00fcr Qualit\u00e4t und unseren innovativen Ansatz im Handel und in der Beratung wider. <\/p><\/div>\n<\/div>\n\n\n\n<div class=\"wp-block-uagb-container uagb-block-0bc4114d\">\n<div class=\"wp-block-uagb-image alignright uagb-block-f0a6a3a2 wp-block-uagb-image--layout-default wp-block-uagb-image--effect-static wp-block-uagb-image--align-right\"><figure class=\"wp-block-uagb-image__figure\"><img decoding=\"async\" srcset=\"https:\/\/varox.com.de\/wp-content\/uploads\/2025\/10\/pexels-photo-7679682.jpeg ,https:\/\/varox.com.de\/wp-content\/uploads\/2025\/10\/pexels-photo-7679682.jpeg 780w, https:\/\/varox.com.de\/wp-content\/uploads\/2025\/10\/pexels-photo-7679682.jpeg 360w\" sizes=\"auto, (max-width: 480px) 150px\" src=\"https:\/\/varox.com.de\/wp-content\/uploads\/2025\/10\/pexels-photo-7679682.jpeg\" alt=\"\" class=\"uag-image-75\" width=\"480\" height=\"450\" title=\"\" loading=\"lazy\" role=\"img\"><\/figure><\/div>\n<\/div>\n<\/div><\/div>\n\n\n\n<div class=\"wp-block-uagb-container uagb-block-a5d93041 alignfull uagb-is-root-container\"><div class=\"uagb-container-inner-blocks-wrap\">\n<div class=\"wp-block-uagb-advanced-heading uagb-block-cf91c11b\"><div class=\"uagb-heading-text\">Warum wir uns abheben<\/div><\/div>\n\n\n\n<div class=\"wp-block-uagb-advanced-heading uagb-block-c516ad43\"><h2 class=\"uagb-heading-text\">Einzigartige Wertversprechen, die wichtig sind<\/h2><\/div>\n\n\n\n<div class=\"wp-block-uagb-container uagb-block-0c4504e6\">\n<div class=\"wp-block-uagb-info-box uagb-block-f34a2afa uagb-infobox__content-wrap uagb-infobox-icon-above-title uagb-infobox-image-valign-top\"><div class=\"uagb-ifb-content\"><div class=\"uagb-ifb-title-wrap\"><span class=\"uagb-ifb-title-prefix\">01<\/span><h3 class=\"uagb-ifb-title\">Expertise in Europa<\/h3><\/div><p class=\"uagb-ifb-desc\">Dank unserer jahrelangen Erfahrung auf dem europ\u00e4ischen Markt verstehen wir die Feinheiten des Handels und k\u00f6nnen Ihnen Erkenntnisse liefern, die Ihr Unternehmen voranbringen.<\/p><\/div><\/div>\n\n\n\n<div class=\"wp-block-uagb-info-box uagb-block-3253b915 uagb-infobox__content-wrap uagb-infobox-icon-above-title uagb-infobox-image-valign-top\"><div class=\"uagb-ifb-content\"><div class=\"uagb-ifb-title-wrap\"><span class=\"uagb-ifb-title-prefix\">02<\/span><h3 class=\"uagb-ifb-title\">Verl\u00e4ssliche Partnerschaften<\/h3><\/div><p class=\"uagb-ifb-desc\">Wir pflegen langfristige Beziehungen, die auf Vertrauen und Transparenz basieren, und stellen sicher, dass sich unsere Kunden bei ihren Handelsanforderungen auf uns verlassen k\u00f6nnen.<\/p><\/div><\/div>\n\n\n\n<div class=\"wp-block-uagb-info-box uagb-block-f0a5c06b uagb-infobox__content-wrap uagb-infobox-icon-above-title uagb-infobox-image-valign-top\"><div class=\"uagb-ifb-content\"><div class=\"uagb-ifb-title-wrap\"><span class=\"uagb-ifb-title-prefix\">03<\/span><h3 class=\"uagb-ifb-title\">Umfassendes Sortiment<\/h3><\/div><p class=\"uagb-ifb-desc\">Unser Angebot umfasst Lagerkleidung, Elektronik, Baumaterialien und mehr und bietet alles, was Sie brauchen, unter einem Dach.<\/p><\/div><\/div>\n<\/div>\n<\/div><\/div>\n\n\n\n<div class=\"wp-block-uagb-container uagb-block-6f2f644b alignfull uagb-is-root-container\"><div class=\"uagb-container-inner-blocks-wrap\">\n<div class=\"wp-block-uagb-advanced-heading uagb-block-c35fe5ab\"><div class=\"uagb-heading-text\">Lernen Sie unser Team kennen<\/div><\/div>\n\n\n\n<div class=\"wp-block-uagb-advanced-heading uagb-block-9855d6b1\"><h2 class=\"uagb-heading-text\">Erfahrene Fachleute zu Ihren Diensten<\/h2><\/div>\n\n\n\n<div class=\"wp-block-uagb-container uagb-block-c9b5023b\">\n<div class=\"wp-block-uagb-container uagb-block-7cba7844\">\n<div class=\"wp-block-uagb-image aligncenter uagb-block-20d3613c wp-block-uagb-image--layout-default wp-block-uagb-image--effect-static wp-block-uagb-image--align-center\"><figure class=\"wp-block-uagb-image__figure\"><img decoding=\"async\" srcset=\"https:\/\/varox.com.de\/wp-content\/uploads\/2025\/10\/teams-skip-05-819x1024-1.jpeg ,https:\/\/varox.com.de\/wp-content\/uploads\/2024\/03\/teams-skip-05-scaled-1.jpeg 780w, https:\/\/varox.com.de\/wp-content\/uploads\/2024\/03\/teams-skip-05-scaled-1.jpeg 360w\" sizes=\"auto, (max-width: 480px) 150px\" src=\"https:\/\/varox.com.de\/wp-content\/uploads\/2025\/10\/teams-skip-05-819x1024-1.jpeg\" alt=\"\" class=\"uag-image-718\" width=\"230\" height=\"230\" title=\"teams-skip-05\" loading=\"lazy\" role=\"img\"><\/figure><\/div>\n\n\n\n<div class=\"wp-block-uagb-advanced-heading uagb-block-d1e28398\"><div class=\"uagb-heading-text\">Devon Lane<\/div><\/div>\n<\/div>\n\n\n\n<div class=\"wp-block-uagb-container uagb-block-1fccb0e7\">\n<div class=\"wp-block-uagb-image aligncenter uagb-block-02ecdd56 wp-block-uagb-image--layout-default wp-block-uagb-image--effect-static wp-block-uagb-image--align-center\"><figure class=\"wp-block-uagb-image__figure\"><img decoding=\"async\" srcset=\"https:\/\/varox.com.de\/wp-content\/uploads\/2023\/08\/our-teacher-skip-03.jpg ,https:\/\/varox.com.de\/wp-content\/uploads\/2023\/08\/our-teacher-skip-03.jpg 780w, https:\/\/varox.com.de\/wp-content\/uploads\/2023\/08\/our-teacher-skip-03.jpg 360w\" sizes=\"auto, (max-width: 480px) 150px\" src=\"https:\/\/varox.com.de\/wp-content\/uploads\/2023\/08\/our-teacher-skip-03.jpg\" alt=\"\" class=\"uag-image-57\" width=\"230\" height=\"230\" title=\"\" loading=\"lazy\" role=\"img\"><\/figure><\/div>\n\n\n\n<div class=\"wp-block-uagb-advanced-heading uagb-block-7de189d3\"><div class=\"uagb-heading-text\">Courtney Henry<\/div><\/div>\n<\/div>\n\n\n\n<div class=\"wp-block-uagb-container uagb-block-72b90b3b\">\n<div class=\"wp-block-uagb-image aligncenter uagb-block-a6f81049 wp-block-uagb-image--layout-default wp-block-uagb-image--effect-static wp-block-uagb-image--align-center\"><figure class=\"wp-block-uagb-image__figure\"><img decoding=\"async\" srcset=\"https:\/\/varox.com.de\/wp-content\/uploads\/2023\/08\/our-teacher-skip-04.jpg ,https:\/\/varox.com.de\/wp-content\/uploads\/2023\/08\/our-teacher-skip-04.jpg 780w, https:\/\/varox.com.de\/wp-content\/uploads\/2023\/08\/our-teacher-skip-04.jpg 360w\" sizes=\"auto, (max-width: 480px) 150px\" src=\"https:\/\/varox.com.de\/wp-content\/uploads\/2023\/08\/our-teacher-skip-04.jpg\" alt=\"\" class=\"uag-image-58\" width=\"230\" height=\"230\" title=\"\" loading=\"lazy\" role=\"img\"><\/figure><\/div>\n\n\n\n<div class=\"wp-block-uagb-advanced-heading uagb-block-38e9508f\"><div class=\"uagb-heading-text\">Floyd Miles<\/div><\/div>\n<\/div>\n<\/div>\n<\/div><\/div>\n\n\n","protected":false},"excerpt":{"rendered":"<p>Entdecken Sie Varox Unser Weg und unser Engagement f\u00fcr Spitzenleistungen Varox wurde gegr\u00fcndet, um die L\u00fccke im europ\u00e4ischen Handelsmarkt zu [&hellip;]<\/p>\n","protected":false},"author":4,"featured_media":0,"parent":0,"menu_order":0,"comment_status":"closed","ping_status":"closed","template":"","meta":{"_uag_custom_page_level_css":"","site-sidebar-layout":"no-sidebar","site-content-layout":"plain-container","ast-site-content-layout":"normal-width-container","site-content-style":"unboxed","site-sidebar-style":"unboxed","ast-global-header-display":"","ast-banner-title-visibility":"","ast-main-header-display":"","ast-hfb-above-header-display":"","ast-hfb-below-header-display":"","ast-hfb-mobile-header-display":"","site-post-title":"disabled","ast-breadcrumbs-content":"","ast-featured-img":"","footer-sml-layout":"","ast-disable-related-posts":"","theme-transparent-header-meta":"default","adv-header-id-meta":"","stick-header-meta":"","header-above-stick-meta":"","header-main-stick-meta":"","header-below-stick-meta":"","astra-migrate-meta-layouts":"default","ast-page-background-enabled":"default","ast-page-background-meta":{"desktop":{"background-color":"var(--ast-global-color-4)","background-image":"","background-repeat":"repeat","background-position":"center center","background-size":"auto","background-attachment":"scroll","background-type":"","background-media":"","overlay-type":"","overlay-color":"","overlay-opacity":"","overlay-gradient":""},"tablet":{"background-color":"","background-image":"","background-repeat":"repeat","background-position":"center center","background-size":"auto","background-attachment":"scroll","background-type":"","background-media":"","overlay-type":"","overlay-color":"","overlay-opacity":"","overlay-gradient":""},"mobile":{"background-color":"","background-image":"","background-repeat":"repeat","background-position":"center center","background-size":"auto","background-attachment":"scroll","background-type":"","background-media":"","overlay-type":"","overlay-color":"","overlay-opacity":"","overlay-gradient":""}},"ast-content-background-meta":{"desktop":{"background-color":"var(--ast-global-color-5)","background-image":"","background-repeat":"repeat","background-position":"center center","background-size":"auto","background-attachment":"scroll","background-type":"","background-media":"","overlay-type":"","overlay-color":"","overlay-opacity":"","overlay-gradient":""},"tablet":{"background-color":"var(--ast-global-color-5)","background-image":"","background-repeat":"repeat","background-position":"center center","background-size":"auto","background-attachment":"scroll","background-type":"","background-media":"","overlay-type":"","overlay-color":"","overlay-opacity":"","overlay-gradient":""},"mobile":{"background-color":"var(--ast-global-color-5)","background-image":"","background-repeat":"repeat","background-position":"center center","background-size":"auto","background-attachment":"scroll","background-type":"","background-media":"","overlay-type":"","overlay-color":"","overlay-opacity":"","overlay-gradient":""}},"footnotes":""},"class_list":["post-1010","page","type-page","status-publish","hentry"],"uagb_featured_image_src":{"full":false,"thumbnail":false,"medium":false,"medium_large":false,"large":false,"1536x1536":false,"2048x2048":false},"uagb_author_info":{"display_name":"admin","author_link":"https:\/\/varox.com.de\/de\/author\/admin\/"},"uagb_comment_info":0,"uagb_excerpt":"Entdecken Sie Varox Unser Weg und unser Engagement f\u00fcr Spitzenleistungen Varox wurde gegr\u00fcndet, um die L\u00fccke im europ\u00e4ischen Handelsmarkt zu [&hellip;]","_links":{"self":[{"href":"https:\/\/varox.com.de\/de\/wp-json\/wp\/v2\/pages\/1010","targetHints":{"allow":["GET"]}}],"collection":[{"href":"https:\/\/varox.com.de\/de\/wp-json\/wp\/v2\/pages"}],"about":[{"href":"https:\/\/varox.com.de\/de\/wp-json\/wp\/v2\/types\/page"}],"author":[{"embeddable":true,"href":"https:\/\/varox.com.de\/de\/wp-json\/wp\/v2\/users\/4"}],"replies":[{"embeddable":true,"href":"https:\/\/varox.com.de\/de\/wp-json\/wp\/v2\/comments?post=1010"}],"version-history":[{"count":1,"href":"https:\/\/varox.com.de\/de\/wp-json\/wp\/v2\/pages\/1010\/revisions"}],"predecessor-version":[{"id":1119,"href":"https:\/\/varox.com.de\/de\/wp-json\/wp\/v2\/pages\/1010\/revisions\/1119"}],"wp:attachment":[{"href":"https:\/\/varox.com.de\/de\/wp-json\/wp\/v2\/media?parent=1010"}],"curies":[{"name":"wp","href":"https:\/\/api.w.org\/{rel}","templated":true}]}}